{"id":12437,"date":"2022-12-23T16:32:49","date_gmt":"2022-12-23T15:32:49","guid":{"rendered":"http:\/\/localhost\/wordpress\/?page_id=12437"},"modified":"2023-11-24T09:51:24","modified_gmt":"2023-11-24T08:51:24","slug":"evenementsecoleprimairesahloul","status":"publish","type":"page","link":"http:\/\/www.ecole.amed-sahloul.com\/?page_id=12437","title":{"rendered":"\u00c9v\u00e9nement \u00c9cole Primaire AMED Sahloul"},"content":{"rendered":"","protected":false},"excerpt":{"rendered":"","protected":false},"author":1,"featured_media":0,"parent":0,"menu_order":0,"comment_status":"closed","ping_status":"closed","template":"","meta":{"footnotes":""},"class_list":["post-12437","page","type-page","status-publish","hentry"],"_links":{"self":[{"href":"http:\/\/www.ecole.amed-sahloul.com\/index.php?rest_route=\/wp\/v2\/pages\/12437","targetHints":{"allow":["GET"]}}],"collection":[{"href":"http:\/\/www.ecole.amed-sahloul.com\/index.php?rest_route=\/wp\/v2\/pages"}],"about":[{"href":"http:\/\/www.ecole.amed-sahloul.com\/index.php?rest_route=\/wp\/v2\/types\/page"}],"author":[{"embeddable":true,"href":"http:\/\/www.ecole.amed-sahloul.com\/index.php?rest_route=\/wp\/v2\/users\/1"}],"replies":[{"embeddable":true,"href":"http:\/\/www.ecole.amed-sahloul.com\/index.php?rest_route=%2Fwp%2Fv2%2Fcomments&post=12437"}],"version-history":[{"count":6,"href":"http:\/\/www.ecole.amed-sahloul.com\/index.php?rest_route=\/wp\/v2\/pages\/12437\/revisions"}],"predecessor-version":[{"id":18388,"href":"http:\/\/www.ecole.amed-sahloul.com\/index.php?rest_route=\/wp\/v2\/pages\/12437\/revisions\/18388"}],"wp:attachment":[{"href":"http:\/\/www.ecole.amed-sahloul.com\/index.php?rest_route=%2Fwp%2Fv2%2Fmedia&parent=12437"}],"curies":[{"name":"wp","href":"https:\/\/api.w.org\/{rel}","templated":true}]}}